{"id":349,"date":"2021-10-27T11:43:12","date_gmt":"2021-10-27T09:43:12","guid":{"rendered":"https:\/\/www.casinoferrolano.com\/inicio\/"},"modified":"2026-02-13T09:04:05","modified_gmt":"2026-02-13T08:04:05","slug":"inicio","status":"publish","type":"page","link":"https:\/\/www.casinoferrolano.com\/gl\/","title":{"rendered":"Inicio"},"content":{"rendered":"\n<div style=\"height:50px\" aria-hidden=\"true\" class=\"wp-block-spacer\"><\/div>\n\n\n\n<div class=\"wp-block-columns is-layout-flex wp-container-core-columns-is-layout-28f84493 wp-block-columns-is-layout-flex\">\n<div class=\"wp-block-column is-layout-flow wp-block-column-is-layout-flow\" style=\"flex-basis:66.66%\">\n<p>O Casino Ferrolano foi fundado en <strong>1850<\/strong> co nome inicial de <strong>La Tertulia de Confianza<\/strong>. A s\u00faa sede foi onde se instalou posteriormente o Hospicio Municipal, na praza de Amboage. En 1907 cambiou o seu nome polo de <strong>Casino Ferrolano<\/strong>. Daquela os socios pagaban unha entrada de 10 pesetas e unha mensualidade de 2,50 pesetas. En 1867 contaba con 236 socios, todos homes, xa que s\u00f3 pod\u00edan acceder a ela os casados, os maiores de 29 anos e os mozos de entre 17 e 29 anos con autorizaci\u00f3n paterna.<br><br>O segundo lugar estaba na r\u00faa Real, esquina coa r\u00faa Coru\u00f1a, pero pronto quedou pequeno.<\/p>\n\n\n\n<p>As tertulias eran unha das actividades diarias que adoitaban durar ata altas horas, ben para falar ou falar de acontecementos locais, de pol\u00edtica, de m\u00fasica ou de literatura. Outra gran parte do tempo de lecer estaba ocupada por xogos de azar.<\/p>\n\n\n\n<p>A historia do Casino Ferrolano est\u00e1 relacionada con figuras co\u00f1ecidas da cidade, ben ocupando o cargo de Presidentes, como o Xeneral de Enxe\u00f1eiros Andr\u00e9s Avelino Comerma, o profesor e escritor Alfredo de la Iglesia e o mari\u00f1eiro Victoriano Suances, ben ocupando cargos directivos, como o escritor Gonzalo Torrente Ballester, responsable da Biblioteca.<\/p>\n\n\n\n<p>Un cambio importante na historia desta Sociedade foi a inauguraci\u00f3n da actual sede o 1 de outubro de 1925. O edificio, entre a r\u00faa Real e a r\u00faa Dolores, \u00e9 unha das obras m\u00e1is co\u00f1ecidas do arquitecto municipal Rodolfo Ucha Pi\u00f1eiro, socio da entidade e co que colaborou xenerosamente na realizaci\u00f3n do proxecto.<\/p>\n\n\n\n<p>En 1925, a Xunta Directiva do Casino Ferrolano encomendou a Felipe Bello Pi\u00f1eiro a decoraci\u00f3n da \u201cSala de Conversas\u201d, co\u00f1ecida popularmente como \u201cLa Pecera\u201d, que rematou en 1936, acadando un conxunto decorativo \u00fanico en Galicia.<\/p>\n\n\n\n<p>Concibe unha ornamentaci\u00f3n vexetal que cubrir\u00e1 o teito da estancia como unha vide, adapt\u00e1ndose a unha compartimentaci\u00f3n marcada pola estrutura. En xu\u00f1o de 1925 inst\u00e1lase no Casino. A decoraci\u00f3n central est\u00e1 feita a partir da estilizaci\u00f3n de follas de carballo e casti\u00f1eiro, demostrando un traballo m\u00e1is persoal e intuitivo. Tam\u00e9n atopamos motivos inspirados en temas orientais, sacados habilmente dun libro oriental de orixe xaponesa.<\/p>\n\n\n\n<p>Nos anos trinta un grupo de mozos destinados en Ferrol e afeccionados ao tenis quer\u00edan un lugar onde practicar este deporte. Re\u00fanense case todos os d\u00edas no Sal\u00f3n do Casino, o que levou \u00e1 creaci\u00f3n do Club de Tenis cos seus primeiros socios en xu\u00f1o e xullo de 1934. Despois do per\u00edodo 1936-1939 retoma a s\u00faa relevancia e culmina co aluguer dunha finca na r\u00faa Nova (Breog\u00e1n), nomeando presidente a D. Fernando de la Calleja, e continuou o seu crecemento cunha tenda de inverno na r\u00faa Real &#8211; Praza Amboage. onde hoxe se atopa a Cafeter\u00eda Amboage.<br><br>En 1961 adquiriu os terreos actuais, e trasladouse \u00e1s novas instalaci\u00f3ns.<br><br>O 1 de novembro de 1983, cando D. Juan Luis Pita Romero era Presidente do Casino Ferrolano, e do Club de Tenis D. Crist\u00f3bal Deza Barrio, prod\u00facese a fusi\u00f3n, dando lugar ao actual <strong>Casino Ferrolano \u2013 Club de Tenis<\/strong>.<\/p>\n\n\n\n<p><\/p>\n<\/div>\n\n\n\n<div class=\"wp-block-column is-layout-flow wp-block-column-is-layout-flow\" style=\"flex-basis:33.33%\">\n<div class=\"wp-block-uagb-advanced-heading uagb-block-9781cf66\"><h4 class=\"uagb-heading-text\">Descarga de solicitudes<\/h4><div class=\"uagb-separator\"><\/div><\/div>\n\n\n\n<p>As solicitudes deber\u00e1n estar correctamente cubertas e acompa\u00f1adas da documentaci\u00f3n requirida. Unha vez listos, entregaranse na secretar\u00eda.<\/p>\n\n\n\n<p><a href=\"\/solicitud-alta.pdf\">Solicitude de alta<\/a><br><a href=\"\/solicitud-baja.pdf\">Solicitude de baixa temporal e definitiva<\/a><br><a href=\"\/solicitud-cambio-banco.pdf\">Solicitude de cambio de conta bancaria<\/a><br><a href=\"\/solicitud-instalaciones-salon.pdf\">Solicitude de instalaci\u00f3ns (Sal\u00f3n)<\/a><\/p>\n\n\n\n<div class=\"wp-block-uagb-advanced-heading uagb-block-3e13fdc8\"><h4 class=\"uagb-heading-text\">Convenios con outras sociedades<\/h4><div class=\"uagb-separator\"><\/div><\/div>\n\n\n\n<p>A sociedade goza de acordos de intercambio con outras sociedades, o que permite aos socios acceder \u00e1s s\u00faas instalaci\u00f3ns. Preme na seguinte ligaz\u00f3n para ver a lista completa de sociedades. <\/p>\n\n\n\n<p><a href=\"https:\/\/www.casinoferrolano.com\/gl\/listado-de-intercambio-de-sociedades\/\">Lista de sociedades de intercambio<\/a><\/p>\n\n\n\n<div class=\"wp-block-uagb-advanced-heading uagb-block-77316f1b\"><h4 class=\"uagb-heading-text\">Novidades en Facebook<\/h4><div class=\"uagb-separator\"><\/div><\/div>\n\n\n\n<div id=\"fb-root\"><\/div>\n<script async=\"\" defer=\"defer\" crossorigin=\"anonymous\" src=\"https:\/\/connect.facebook.net\/es_LA\/sdk.js#xfbml=1&#038;version=v12.0&#038;appId=393311052538949&#038;autoLogAppEvents=1\" nonce=\"F66I9Hob\"><\/script>\n<div class=\"fb-page\" style=\"margin-left:auto; margin-right:auto\" data-href=\"https:\/\/www.facebook.com\/casinoferrolanotenisclub\" data-tabs=\"timeline\" data-width=\"\" data-height=\"\" data-small-header=\"true\" data-adapt-container-width=\"true\" data-hide-cover=\"true\" data-show-facepile=\"false\"><\/div>\n<\/div>\n<\/div>\n\n\n\n<div style=\"height:50px\" aria-hidden=\"true\" class=\"wp-block-spacer\"><\/div>\n","protected":false},"excerpt":{"rendered":"<p>O Casino Ferrolano foi fundado en 1850 co nome inicial de La Tertulia de Confianza. A s\u00faa sede foi onde se instalou posteriormente o Hospicio Municipal, na praza de Amboage. En 1907 cambiou o seu nome polo de Casino Ferrolano. Daquela os socios pagaban unha entrada de 10 pesetas e unha mensualidade de 2,50 pesetas. [&hellip;]<\/p>\n","protected":false},"author":1,"featured_media":0,"parent":0,"menu_order":0,"comment_status":"closed","ping_status":"closed","template":"","meta":{"_uag_custom_page_level_css":"","site-sidebar-layout":"default","site-content-layout":"plain-container","ast-site-content-layout":"normal-width-container","site-content-style":"unboxed","site-sidebar-style":"unboxed","ast-global-header-display":"","ast-banner-title-visibility":"","ast-main-header-display":"","ast-hfb-above-header-display":"","ast-hfb-below-header-display":"","ast-hfb-mobile-header-display":"","site-post-title":"disabled","ast-breadcrumbs-content":"disabled","ast-featured-img":"","footer-sml-layout":"","theme-transparent-header-meta":"default","adv-header-id-meta":"","stick-header-meta":"default","header-above-stick-meta":"","header-main-stick-meta":"","header-below-stick-meta":"","astra-migrate-meta-layouts":"set","ast-page-background-enabled":"default","ast-page-background-meta":{"desktop":{"background-color":"var(--ast-global-color-4)","background-image":"","background-repeat":"repeat","background-position":"center center","background-size":"auto","background-attachment":"scroll","background-type":"","background-media":"","overlay-type":"","overlay-color":"","overlay-opacity":"","overlay-gradient":""},"tablet":{"background-color":"","background-image":"","background-repeat":"repeat","background-position":"center center","background-size":"auto","background-attachment":"scroll","background-type":"","background-media":"","overlay-type":"","overlay-color":"","overlay-opacity":"","overlay-gradient":""},"mobile":{"background-color":"","background-image":"","background-repeat":"repeat","background-position":"center center","background-size":"auto","background-attachment":"scroll","background-type":"","background-media":"","overlay-type":"","overlay-color":"","overlay-opacity":"","overlay-gradient":""}},"ast-content-background-meta":{"desktop":{"background-color":"var(--ast-global-color-5)","background-image":"","background-repeat":"repeat","background-position":"center center","background-size":"auto","background-attachment":"scroll","background-type":"","background-media":"","overlay-type":"","overlay-color":"","overlay-opacity":"","overlay-gradient":""},"tablet":{"background-color":"var(--ast-global-color-5)","background-image":"","background-repeat":"repeat","background-position":"center center","background-size":"auto","background-attachment":"scroll","background-type":"","background-media":"","overlay-type":"","overlay-color":"","overlay-opacity":"","overlay-gradient":""},"mobile":{"background-color":"var(--ast-global-color-5)","background-image":"","background-repeat":"repeat","background-position":"center center","background-size":"auto","background-attachment":"scroll","background-type":"","background-media":"","overlay-type":"","overlay-color":"","overlay-opacity":"","overlay-gradient":""}},"footnotes":""},"class_list":["post-349","page","type-page","status-publish","hentry"],"uagb_featured_image_src":{"full":false,"thumbnail":false,"medium":false,"medium_large":false,"large":false,"gs-tiny":false,"xl":false,"xxl":false,"xxxl":false,"xxxxl":false,"xxxxxl":false,"1536x1536":false,"2048x2048":false,"woocommerce_thumbnail":false,"woocommerce_single":false,"woocommerce_gallery_thumbnail":false},"uagb_author_info":{"display_name":"Miguel Fern\u00e1ndez Corral","author_link":"https:\/\/www.casinoferrolano.com\/gl\/author\/miguel\/"},"uagb_comment_info":0,"uagb_excerpt":"O Casino Ferrolano foi fundado en 1850 co nome inicial de La Tertulia de Confianza. A s\u00faa sede foi onde se instalou posteriormente o Hospicio Municipal, na praza de Amboage. En 1907 cambiou o seu nome polo de Casino Ferrolano. Daquela os socios pagaban unha entrada de 10 pesetas e unha mensualidade de 2,50 pesetas.&hellip;","_links":{"self":[{"href":"https:\/\/www.casinoferrolano.com\/gl\/wp-json\/wp\/v2\/pages\/349","targetHints":{"allow":["GET"]}}],"collection":[{"href":"https:\/\/www.casinoferrolano.com\/gl\/wp-json\/wp\/v2\/pages"}],"about":[{"href":"https:\/\/www.casinoferrolano.com\/gl\/wp-json\/wp\/v2\/types\/page"}],"author":[{"embeddable":true,"href":"https:\/\/www.casinoferrolano.com\/gl\/wp-json\/wp\/v2\/users\/1"}],"replies":[{"embeddable":true,"href":"https:\/\/www.casinoferrolano.com\/gl\/wp-json\/wp\/v2\/comments?post=349"}],"version-history":[{"count":33,"href":"https:\/\/www.casinoferrolano.com\/gl\/wp-json\/wp\/v2\/pages\/349\/revisions"}],"predecessor-version":[{"id":519,"href":"https:\/\/www.casinoferrolano.com\/gl\/wp-json\/wp\/v2\/pages\/349\/revisions\/519"}],"wp:attachment":[{"href":"https:\/\/www.casinoferrolano.com\/gl\/wp-json\/wp\/v2\/media?parent=349"}],"curies":[{"name":"wp","href":"https:\/\/api.w.org\/{rel}","templated":true}]}}