{"id":354,"date":"2021-10-27T18:00:38","date_gmt":"2021-10-27T16:00:38","guid":{"rendered":"https:\/\/www.casinoferrolano.com\/contacto\/"},"modified":"2023-06-29T09:14:08","modified_gmt":"2023-06-29T07:14:08","slug":"contacto","status":"publish","type":"page","link":"https:\/\/www.casinoferrolano.com\/gl\/contacto\/","title":{"rendered":"Contacto"},"content":{"rendered":"\n<div class=\"wp-block-columns is-layout-flex wp-container-core-columns-is-layout-28f84493 wp-block-columns-is-layout-flex\">\n<div class=\"wp-block-column is-layout-flow wp-block-column-is-layout-flow\">\n<h4 class=\"wp-block-heading\">Casino Ferrolano<\/h4>\n\n\n\n<p>R\u00faa Real, 100<br\/>15402 &#8211; Ferrol (A Coru\u00f1a)<br\/>981 35 30 92<br\/><a href=\"mailto:info@casinoferrolano.com\">info@casinoferrolano.com<\/a><br\/><br\/><strong>Horario das instalaci\u00f3ns<\/strong><br\/>&#8211; De luns a venres de 09:00 a 22:00 h.<br\/>&#8211; S\u00e1bados e domingos de 10:00 a 22:00 h.<br\/><br\/><strong>Horario de secretar\u00eda<\/strong><br\/>&#8211; De luns a venres de 9:00 a 13:00 e de 16:30 a 19:30 (inverno)<br\/>&#8211; De luns a venres de 10:00 a 14:00 (ver\u00e1n)<\/p>\n\n\n\n<h6 class=\"has-text-align-center wp-block-heading\">Google Maps<\/h6>\n\n\n\t\t\t<div \n\t\t\tclass=\"wp-block-uagb-google-map uagb-google-map__wrap uagb-block-0de9b50a     \"\n\t\t\tstyle=\"\" >\n\t\t\t\t<embed\n\t\t\t\t\tclass=\"uagb-google-map__iframe\"\n\t\t\t\t\ttitle=\"Google Map for \"\n\t\t\t\t\tsrc=\"https:\/\/maps.google.com\/maps?q=Casino%20Ferrolano%2C%20Ferrol&#038;z=18&#038;hl=es&#038;t=m&#038;output=embed&#038;iwloc=near\"\n\t\t\t\t\twidth=\"640\"\n\t\t\t\t\theight=\"300\"\n\t\t\t\t\tloading=\"lazy\"\n\t\t\t\t><\/embed>\n\t\t\t<\/div>\n\t\t\t<\/div>\n\n\n\n<div class=\"wp-block-column is-layout-flow wp-block-column-is-layout-flow\">\n<h4 class=\"wp-block-heading\">Tenis Club<\/h4>\n\n\n\n<p>R\u00faa Alonso L\u00f3pez 101<br\/>15401 &#8211; Ferrol (A Coru\u00f1a)<br\/>981 35 19 76<br\/><a href=\"mailto:info@casinoferrolano.com\">info@casinoferrolano.com<\/a><br\/><br\/><strong>Horario das instalaci\u00f3ns<\/strong><br\/>&#8211; De luns a venres de 09:00 a 22:30 h.<br\/>&#8211; S\u00e1bados e domingos de 10:00 a 22:30 h.<\/p>\n\n\n\n<h6 class=\"has-text-align-center wp-block-heading\">Google Maps<\/h6>\n\n\n\t\t\t<div \n\t\t\tclass=\"wp-block-uagb-google-map uagb-google-map__wrap uagb-block-5d62ef52     \"\n\t\t\tstyle=\"\" >\n\t\t\t\t<embed\n\t\t\t\t\tclass=\"uagb-google-map__iframe\"\n\t\t\t\t\ttitle=\"Google Map for \"\n\t\t\t\t\tsrc=\"https:\/\/maps.google.com\/maps?q=Casino%20Ferrolnano%20-%20Tenis%20Club%2C%20Alonso%20L%C3%B3pez%2C%20Ferrol&#038;z=18&#038;hl=es&#038;t=m&#038;output=embed&#038;iwloc=near\"\n\t\t\t\t\twidth=\"640\"\n\t\t\t\t\theight=\"300\"\n\t\t\t\t\tloading=\"lazy\"\n\t\t\t\t><\/embed>\n\t\t\t<\/div>\n\t\t\t<\/div>\n<\/div>\n","protected":false},"excerpt":{"rendered":"<p>Casino Ferrolano R\u00faa Real, 10015402 &#8211; Ferrol (A Coru\u00f1a)981 35 30 92info@casinoferrolano.com Horario das instalaci\u00f3ns&#8211; De luns a venres de 09:00 a 22:00 h.&#8211; S\u00e1bados e domingos de 10:00 a 22:00 h. Horario de secretar\u00eda&#8211; De luns a venres de 9:00 a 13:00 e de 16:30 a 19:30 (inverno)&#8211; De luns a venres de 10:00 [&hellip;]<\/p>\n","protected":false},"author":1,"featured_media":0,"parent":0,"menu_order":0,"comment_status":"closed","ping_status":"closed","template":"","meta":{"_uag_custom_page_level_css":"","site-sidebar-layout":"","site-content-layout":"","ast-site-content-layout":"","site-content-style":"default","site-sidebar-style":"default","ast-global-header-display":"","ast-banner-title-visibility":"","ast-main-header-display":"","ast-hfb-above-header-display":"","ast-hfb-below-header-display":"","ast-hfb-mobile-header-display":"","site-post-title":"disabled","ast-breadcrumbs-content":"","ast-featured-img":"","footer-sml-layout":"","theme-transparent-header-meta":"","adv-header-id-meta":"","stick-header-meta":"","header-above-stick-meta":"","header-main-stick-meta":"","header-below-stick-meta":"","astra-migrate-meta-layouts":"default","ast-page-background-enabled":"default","ast-page-background-meta":{"desktop":{"background-color":"var(--ast-global-color-4)","background-image":"","background-repeat":"repeat","background-position":"center center","background-size":"auto","background-attachment":"scroll","background-type":"","background-media":"","overlay-type":"","overlay-color":"","overlay-opacity":"","overlay-gradient":""},"tablet":{"background-color":"","background-image":"","background-repeat":"repeat","background-position":"center center","background-size":"auto","background-attachment":"scroll","background-type":"","background-media":"","overlay-type":"","overlay-color":"","overlay-opacity":"","overlay-gradient":""},"mobile":{"background-color":"","background-image":"","background-repeat":"repeat","background-position":"center center","background-size":"auto","background-attachment":"scroll","background-type":"","background-media":"","overlay-type":"","overlay-color":"","overlay-opacity":"","overlay-gradient":""}},"ast-content-background-meta":{"desktop":{"background-color":"var(--ast-global-color-5)","background-image":"","background-repeat":"repeat","background-position":"center center","background-size":"auto","background-attachment":"scroll","background-type":"","background-media":"","overlay-type":"","overlay-color":"","overlay-opacity":"","overlay-gradient":""},"tablet":{"background-color":"var(--ast-global-color-5)","background-image":"","background-repeat":"repeat","background-position":"center center","background-size":"auto","background-attachment":"scroll","background-type":"","background-media":"","overlay-type":"","overlay-color":"","overlay-opacity":"","overlay-gradient":""},"mobile":{"background-color":"var(--ast-global-color-5)","background-image":"","background-repeat":"repeat","background-position":"center center","background-size":"auto","background-attachment":"scroll","background-type":"","background-media":"","overlay-type":"","overlay-color":"","overlay-opacity":"","overlay-gradient":""}},"footnotes":""},"class_list":["post-354","page","type-page","status-publish","hentry"],"uagb_featured_image_src":{"full":false,"thumbnail":false,"medium":false,"medium_large":false,"large":false,"gs-tiny":false,"xl":false,"xxl":false,"xxxl":false,"xxxxl":false,"xxxxxl":false,"1536x1536":false,"2048x2048":false,"woocommerce_thumbnail":false,"woocommerce_single":false,"woocommerce_gallery_thumbnail":false},"uagb_author_info":{"display_name":"Miguel Fern\u00e1ndez Corral","author_link":"https:\/\/www.casinoferrolano.com\/gl\/author\/miguel\/"},"uagb_comment_info":0,"uagb_excerpt":"Casino Ferrolano R\u00faa Real, 10015402 &#8211; Ferrol (A Coru\u00f1a)981 35 30 92info@casinoferrolano.com Horario das instalaci\u00f3ns&#8211; De luns a venres de 09:00 a 22:00 h.&#8211; S\u00e1bados e domingos de 10:00 a 22:00 h. Horario de secretar\u00eda&#8211; De luns a venres de 9:00 a 13:00 e de 16:30 a 19:30 (inverno)&#8211; De luns a venres de 10:00&hellip;","_links":{"self":[{"href":"https:\/\/www.casinoferrolano.com\/gl\/wp-json\/wp\/v2\/pages\/354","targetHints":{"allow":["GET"]}}],"collection":[{"href":"https:\/\/www.casinoferrolano.com\/gl\/wp-json\/wp\/v2\/pages"}],"about":[{"href":"https:\/\/www.casinoferrolano.com\/gl\/wp-json\/wp\/v2\/types\/page"}],"author":[{"embeddable":true,"href":"https:\/\/www.casinoferrolano.com\/gl\/wp-json\/wp\/v2\/users\/1"}],"replies":[{"embeddable":true,"href":"https:\/\/www.casinoferrolano.com\/gl\/wp-json\/wp\/v2\/comments?post=354"}],"version-history":[{"count":6,"href":"https:\/\/www.casinoferrolano.com\/gl\/wp-json\/wp\/v2\/pages\/354\/revisions"}],"predecessor-version":[{"id":451,"href":"https:\/\/www.casinoferrolano.com\/gl\/wp-json\/wp\/v2\/pages\/354\/revisions\/451"}],"wp:attachment":[{"href":"https:\/\/www.casinoferrolano.com\/gl\/wp-json\/wp\/v2\/media?parent=354"}],"curies":[{"name":"wp","href":"https:\/\/api.w.org\/{rel}","templated":true}]}}